{"id":23141,"date":"2019-07-26T15:45:21","date_gmt":"2019-07-26T19:45:21","guid":{"rendered":"https:\/\/www.ottawafoodbank.ca\/grow\/"},"modified":"2020-10-13T14:56:04","modified_gmt":"2020-10-13T18:56:04","slug":"cultiver-des-aliments","status":"publish","type":"page","link":"https:\/\/www.ottawafoodbank.ca\/fr\/aide-apportee\/cultiver-des-aliments\/","title":{"rendered":"Cultiver des aliments"},"content":{"rendered":"\t\t<div data-elementor-type=\"wp-post\" data-elementor-id=\"23141\" class=\"elementor elementor-23141 elementor-20310\" data-elementor-post-type=\"page\">\n\t\t\t\t\t\t<section class=\"elementor-section elementor-top-section elementor-element elementor-element-8463eca elementor-section-boxed elementor-section-height-default elementor-section-height-default\" data-id=\"8463eca\" data-element_type=\"section\" data-e-type=\"section\" data-settings=\"{&quot;jet_parallax_layout_list&quot;:[{&quot;jet_parallax_layout_image&quot;:{&quot;url&quot;:&quot;&quot;,&quot;id&quot;:&quot;&quot;,&quot;size&quot;:&quot;&quot;},&quot;_id&quot;:&quot;3e6ef9e&quot;,&quot;jet_parallax_layout_image_tablet&quot;:{&quot;url&quot;:&quot;&quot;,&quot;id&quot;:&quot;&quot;,&quot;size&quot;:&quot;&quot;},&quot;jet_parallax_layout_image_mobile&quot;:{&quot;url&quot;:&quot;&quot;,&quot;id&quot;:&quot;&quot;,&quot;size&quot;:&quot;&quot;},&quot;jet_parallax_layout_speed&quot;:{&quot;unit&quot;:&quot;%&quot;,&quot;size&quot;:50,&quot;sizes&quot;:[]},&quot;jet_parallax_layout_type&quot;:&quot;scroll&quot;,&quot;jet_parallax_layout_direction&quot;:&quot;1&quot;,&quot;jet_parallax_layout_z_index&quot;:&quot;&quot;,&quot;jet_parallax_layout_bg_x&quot;:50,&quot;jet_parallax_layout_bg_y&quot;:50,&quot;jet_parallax_layout_bg_size&quot;:&quot;auto&quot;,&quot;jet_parallax_layout_animation_prop&quot;:&quot;transform&quot;,&quot;jet_parallax_layout_on&quot;:[&quot;desktop&quot;,&quot;tablet&quot;],&quot;jet_parallax_layout_fx_direction&quot;:null,&quot;jet_parallax_layout_bg_x_tablet&quot;:&quot;&quot;,&quot;jet_parallax_layout_bg_x_mobile&quot;:&quot;&quot;,&quot;jet_parallax_layout_bg_y_tablet&quot;:&quot;&quot;,&quot;jet_parallax_layout_bg_y_mobile&quot;:&quot;&quot;,&quot;jet_parallax_layout_bg_size_tablet&quot;:&quot;&quot;,&quot;jet_parallax_layout_bg_size_mobile&quot;:&quot;&quot;}]}\">\n\t\t\t\t\t\t<div class=\"elementor-container elementor-column-gap-default\">\n\t\t\t\t\t<div class=\"elementor-column elementor-col-100 elementor-top-column elementor-element elementor-element-337c9a2\" data-id=\"337c9a2\" data-element_type=\"column\" data-e-type=\"column\">\n\t\t\t<div class=\"elementor-widget-wrap elementor-element-populated\">\n\t\t\t\t\t\t<div class=\"elementor-element elementor-element-4aecebf elementor-widget elementor-widget-heading\" data-id=\"4aecebf\" data-element_type=\"widget\" data-e-type=\"widget\" data-widget_type=\"heading.default\">\n\t\t\t\t<div class=\"elementor-widget-container\">\n\t\t\t\t\t<h2 class=\"elementor-heading-title elementor-size-default\">Approche de la Banque d\u2019Alimentation d\u2019Ottawa pour r\u00e9pondre aux besoins de tous les habitants de la ville.<\/h2>\t\t\t\t<\/div>\n\t\t\t\t<\/div>\n\t\t\t\t\t<\/div>\n\t\t<\/div>\n\t\t\t\t\t<\/div>\n\t\t<\/section>\n\t\t\t\t<section class=\"elementor-section elementor-top-section elementor-element elementor-element-a6f1bbc elementor-section-boxed elementor-section-height-default elementor-section-height-default\" data-id=\"a6f1bbc\" data-element_type=\"section\" data-e-type=\"section\" data-settings=\"{&quot;jet_parallax_layout_list&quot;:[{&quot;jet_parallax_layout_image&quot;:{&quot;url&quot;:&quot;&quot;,&quot;id&quot;:&quot;&quot;,&quot;size&quot;:&quot;&quot;},&quot;_id&quot;:&quot;6676f1e&quot;,&quot;jet_parallax_layout_image_tablet&quot;:{&quot;url&quot;:&quot;&quot;,&quot;id&quot;:&quot;&quot;,&quot;size&quot;:&quot;&quot;},&quot;jet_parallax_layout_image_mobile&quot;:{&quot;url&quot;:&quot;&quot;,&quot;id&quot;:&quot;&quot;,&quot;size&quot;:&quot;&quot;},&quot;jet_parallax_layout_speed&quot;:{&quot;unit&quot;:&quot;%&quot;,&quot;size&quot;:50,&quot;sizes&quot;:[]},&quot;jet_parallax_layout_type&quot;:&quot;scroll&quot;,&quot;jet_parallax_layout_direction&quot;:&quot;1&quot;,&quot;jet_parallax_layout_z_index&quot;:&quot;&quot;,&quot;jet_parallax_layout_bg_x&quot;:50,&quot;jet_parallax_layout_bg_y&quot;:50,&quot;jet_parallax_layout_bg_size&quot;:&quot;auto&quot;,&quot;jet_parallax_layout_animation_prop&quot;:&quot;transform&quot;,&quot;jet_parallax_layout_on&quot;:[&quot;desktop&quot;,&quot;tablet&quot;],&quot;jet_parallax_layout_fx_direction&quot;:null,&quot;jet_parallax_layout_bg_x_tablet&quot;:&quot;&quot;,&quot;jet_parallax_layout_bg_x_mobile&quot;:&quot;&quot;,&quot;jet_parallax_layout_bg_y_tablet&quot;:&quot;&quot;,&quot;jet_parallax_layout_bg_y_mobile&quot;:&quot;&quot;,&quot;jet_parallax_layout_bg_size_tablet&quot;:&quot;&quot;,&quot;jet_parallax_layout_bg_size_mobile&quot;:&quot;&quot;}]}\">\n\t\t\t\t\t\t<div class=\"elementor-container elementor-column-gap-default\">\n\t\t\t\t\t<div class=\"elementor-column elementor-col-100 elementor-top-column elementor-element elementor-element-7aa88a5\" data-id=\"7aa88a5\" data-element_type=\"column\" data-e-type=\"column\">\n\t\t\t<div class=\"elementor-widget-wrap elementor-element-populated\">\n\t\t\t\t\t\t<div class=\"elementor-element elementor-element-212aa50 elementor-widget elementor-widget-text-editor\" data-id=\"212aa50\" data-element_type=\"widget\" data-e-type=\"widget\" data-widget_type=\"text-editor.default\">\n\t\t\t\t<div class=\"elementor-widget-container\">\n\t\t\t\t\t\t\t\t\t<p>Non seulement nous travaillons avec les agriculteurs locaux et acceptons les dons de fruits et l\u00e9gumes frais, mais nous cultivons \u00e9galement des produits frais sur notre propre ferme de huit\u00a0acres qui nous a \u00e9t\u00e9 donn\u00e9e par Tom\u00a0Black et sa famille (de Black Family Farm) pr\u00e8s de Stittsville. Ce programme explique en partie comment nous sommes en mesure de livrer une si grande proportion d\u2019aliments frais \u00e0 nos organismes partenaires.<\/p>\t\t\t\t\t\t\t\t<\/div>\n\t\t\t\t<\/div>\n\t\t\t\t\t<\/div>\n\t\t<\/div>\n\t\t\t\t\t<\/div>\n\t\t<\/section>\n\t\t\t\t<section class=\"elementor-section elementor-top-section elementor-element elementor-element-1911755 elementor-section-boxed elementor-section-height-default elementor-section-height-default\" data-id=\"1911755\" data-element_type=\"section\" data-e-type=\"section\" data-settings=\"{&quot;jet_parallax_layout_list&quot;:[{&quot;jet_parallax_layout_image&quot;:{&quot;url&quot;:&quot;&quot;,&quot;id&quot;:&quot;&quot;,&quot;size&quot;:&quot;&quot;},&quot;_id&quot;:&quot;1f1406f&quot;,&quot;jet_parallax_layout_image_tablet&quot;:{&quot;url&quot;:&quot;&quot;,&quot;id&quot;:&quot;&quot;,&quot;size&quot;:&quot;&quot;},&quot;jet_parallax_layout_image_mobile&quot;:{&quot;url&quot;:&quot;&quot;,&quot;id&quot;:&quot;&quot;,&quot;size&quot;:&quot;&quot;},&quot;jet_parallax_layout_speed&quot;:{&quot;unit&quot;:&quot;%&quot;,&quot;size&quot;:50,&quot;sizes&quot;:[]},&quot;jet_parallax_layout_type&quot;:&quot;scroll&quot;,&quot;jet_parallax_layout_direction&quot;:&quot;1&quot;,&quot;jet_parallax_layout_z_index&quot;:&quot;&quot;,&quot;jet_parallax_layout_bg_x&quot;:50,&quot;jet_parallax_layout_bg_y&quot;:50,&quot;jet_parallax_layout_bg_size&quot;:&quot;auto&quot;,&quot;jet_parallax_layout_animation_prop&quot;:&quot;transform&quot;,&quot;jet_parallax_layout_on&quot;:[&quot;desktop&quot;,&quot;tablet&quot;],&quot;jet_parallax_layout_fx_direction&quot;:null,&quot;jet_parallax_layout_bg_x_tablet&quot;:&quot;&quot;,&quot;jet_parallax_layout_bg_x_mobile&quot;:&quot;&quot;,&quot;jet_parallax_layout_bg_y_tablet&quot;:&quot;&quot;,&quot;jet_parallax_layout_bg_y_mobile&quot;:&quot;&quot;,&quot;jet_parallax_layout_bg_size_tablet&quot;:&quot;&quot;,&quot;jet_parallax_layout_bg_size_mobile&quot;:&quot;&quot;}]}\">\n\t\t\t\t\t\t<div class=\"elementor-container elementor-column-gap-wider\">\n\t\t\t\t\t<div class=\"elementor-column elementor-col-100 elementor-top-column elementor-element elementor-element-67d63ac\" data-id=\"67d63ac\" data-element_type=\"column\" data-e-type=\"column\">\n\t\t\t<div class=\"elementor-widget-wrap elementor-element-populated\">\n\t\t\t\t\t\t<div class=\"elementor-element elementor-element-3011c1d elementor-widget elementor-widget-image\" data-id=\"3011c1d\" data-element_type=\"widget\" data-e-type=\"widget\" data-widget_type=\"image.default\">\n\t\t\t\t<div class=\"elementor-widget-container\">\n\t\t\t\t\t\t\t\t\t\t\t\t\t\t\t<img fetchpriority=\"high\" decoding=\"async\" width=\"600\" height=\"403\" src=\"https:\/\/www.ottawafoodbank.ca\/wp-content\/uploads\/2019\/07\/Ottawa-Food-Bank-Volunteer-Community-Harvest.jpg\" class=\"attachment-large size-large wp-image-22899\" alt=\"\" srcset=\"https:\/\/www.ottawafoodbank.ca\/wp-content\/uploads\/2019\/07\/Ottawa-Food-Bank-Volunteer-Community-Harvest.jpg 600w, https:\/\/www.ottawafoodbank.ca\/wp-content\/uploads\/2019\/07\/Ottawa-Food-Bank-Volunteer-Community-Harvest-300x202.jpg 300w\" sizes=\"(max-width: 600px) 100vw, 600px\" \/>\t\t\t\t\t\t\t\t\t\t\t\t\t\t\t<\/div>\n\t\t\t\t<\/div>\n\t\t\t\t<div class=\"elementor-element elementor-element-02d29c0 elementor-widget elementor-widget-text-editor\" data-id=\"02d29c0\" data-element_type=\"widget\" data-e-type=\"widget\" data-widget_type=\"text-editor.default\">\n\t\t\t\t<div class=\"elementor-widget-container\">\n\t\t\t\t\t\t\t\t\t<h3>R\u00e9colte communautaire<\/h3><p>C\u2019est dans le cadre du Programme de r\u00e9colte communautaire que l\u2019on cultive et cueille des produits locaux nutritifs pour les clients de nos organismes partenaires dans la r\u00e9gion de la capitale nationale. Ce sont les g\u00e9n\u00e9reux agriculteurs, b\u00e9n\u00e9voles et bailleurs de fonds locaux qui rendent ce programme possible, et nous leur en sommes profond\u00e9ment reconnaissants.<\/p>\t\t\t\t\t\t\t\t<\/div>\n\t\t\t\t<\/div>\n\t\t\t\t<div class=\"elementor-element elementor-element-d13f356 elementor-align-center elementor-absolute elementor-widget elementor-widget-button\" data-id=\"d13f356\" data-element_type=\"widget\" data-e-type=\"widget\" data-settings=\"{&quot;_position&quot;:&quot;absolute&quot;}\" data-widget_type=\"button.default\">\n\t\t\t\t<div class=\"elementor-widget-container\">\n\t\t\t\t\t\t\t\t\t<div class=\"elementor-button-wrapper\">\n\t\t\t\t\t<a class=\"elementor-button elementor-button-link elementor-size-sm\" href=\"https:\/\/www.ottawafoodbank.ca\/fr\/community-harvest\/\">\n\t\t\t\t\t\t<span class=\"elementor-button-content-wrapper\">\n\t\t\t\t\t\t\t\t\t<span class=\"elementor-button-text\">En savoir plus<\/span>\n\t\t\t\t\t<\/span>\n\t\t\t\t\t<\/a>\n\t\t\t\t<\/div>\n\t\t\t\t\t\t\t\t<\/div>\n\t\t\t\t<\/div>\n\t\t\t\t\t<\/div>\n\t\t<\/div>\n\t\t\t\t\t<\/div>\n\t\t<\/section>\n\t\t\t\t<\/div>\n\t\t","protected":false},"excerpt":{"rendered":"<p>Approche de la Banque d\u2019Alimentation d\u2019Ottawa pour r\u00e9pondre aux besoins de tous les habitants de la ville. Non seulement nous travaillons avec les agriculteurs locaux et acceptons les dons de [&hellip;]<\/p>\n","protected":false},"author":1,"featured_media":0,"parent":23151,"menu_order":0,"comment_status":"closed","ping_status":"closed","template":"","meta":{"_acf_changed":false,"inline_featured_image":false,"footnotes":""},"class_list":["post-23141","page","type-page","status-publish","hentry"],"acf":[],"yoast_head":"<!-- This site is optimized with the Yoast SEO plugin v27.5 - https:\/\/yoast.com\/product\/yoast-seo-wordpress\/ -->\n<title>Cultiver des aliments - Ottawa Food Bank<\/title>\n<meta name=\"robots\" content=\"index, follow, max-snippet:-1, max-image-preview:large, max-video-preview:-1\" \/>\n<link rel=\"canonical\" href=\"https:\/\/www.ottawafoodbank.ca\/fr\/aide-apportee\/cultiver-des-aliments\/\" \/>\n<meta property=\"og:locale\" content=\"fr_FR\" \/>\n<meta property=\"og:type\" content=\"article\" \/>\n<meta property=\"og:title\" content=\"Cultiver des aliments - Ottawa Food Bank\" \/>\n<meta property=\"og:description\" content=\"Approche de la Banque d\u2019Alimentation d\u2019Ottawa pour r\u00e9pondre aux besoins de tous les habitants de la ville. Non seulement nous travaillons avec les agriculteurs locaux et acceptons les dons de [&hellip;]\" \/>\n<meta property=\"og:url\" content=\"https:\/\/www.ottawafoodbank.ca\/fr\/aide-apportee\/cultiver-des-aliments\/\" \/>\n<meta property=\"og:site_name\" content=\"Ottawa Food Bank\" \/>\n<meta property=\"article:publisher\" content=\"http:\/\/www.facebook.com\/OttawaFoodBank\" \/>\n<meta property=\"article:modified_time\" content=\"2020-10-13T18:56:04+00:00\" \/>\n<meta property=\"og:image\" content=\"https:\/\/www.ottawafoodbank.ca\/wp-content\/uploads\/2019\/07\/Ottawa-Food-Bank-Volunteer-Community-Harvest.jpg\" \/>\n<meta name=\"twitter:card\" content=\"summary_large_image\" \/>\n<meta name=\"twitter:site\" content=\"@OttawaFoodBank\" \/>\n<meta name=\"twitter:label1\" content=\"Dur\u00e9e de lecture estim\u00e9e\" \/>\n\t<meta name=\"twitter:data1\" content=\"1 minute\" \/>\n<script type=\"application\/ld+json\" class=\"yoast-schema-graph\">{\"@context\":\"https:\\\/\\\/schema.org\",\"@graph\":[{\"@type\":\"WebPage\",\"@id\":\"https:\\\/\\\/www.ottawafoodbank.ca\\\/fr\\\/aide-apportee\\\/cultiver-des-aliments\\\/\",\"url\":\"https:\\\/\\\/www.ottawafoodbank.ca\\\/fr\\\/aide-apportee\\\/cultiver-des-aliments\\\/\",\"name\":\"Cultiver des aliments - Ottawa Food Bank\",\"isPartOf\":{\"@id\":\"https:\\\/\\\/www.ottawafoodbank.ca\\\/fr\\\/#website\"},\"primaryImageOfPage\":{\"@id\":\"https:\\\/\\\/www.ottawafoodbank.ca\\\/fr\\\/aide-apportee\\\/cultiver-des-aliments\\\/#primaryimage\"},\"image\":{\"@id\":\"https:\\\/\\\/www.ottawafoodbank.ca\\\/fr\\\/aide-apportee\\\/cultiver-des-aliments\\\/#primaryimage\"},\"thumbnailUrl\":\"https:\\\/\\\/www.ottawafoodbank.ca\\\/wp-content\\\/uploads\\\/2019\\\/07\\\/Ottawa-Food-Bank-Volunteer-Community-Harvest.jpg\",\"datePublished\":\"2019-07-26T19:45:21+00:00\",\"dateModified\":\"2020-10-13T18:56:04+00:00\",\"breadcrumb\":{\"@id\":\"https:\\\/\\\/www.ottawafoodbank.ca\\\/fr\\\/aide-apportee\\\/cultiver-des-aliments\\\/#breadcrumb\"},\"inLanguage\":\"fr-FR\",\"potentialAction\":[{\"@type\":\"ReadAction\",\"target\":[\"https:\\\/\\\/www.ottawafoodbank.ca\\\/fr\\\/aide-apportee\\\/cultiver-des-aliments\\\/\"]}]},{\"@type\":\"ImageObject\",\"inLanguage\":\"fr-FR\",\"@id\":\"https:\\\/\\\/www.ottawafoodbank.ca\\\/fr\\\/aide-apportee\\\/cultiver-des-aliments\\\/#primaryimage\",\"url\":\"https:\\\/\\\/www.ottawafoodbank.ca\\\/wp-content\\\/uploads\\\/2019\\\/07\\\/Ottawa-Food-Bank-Volunteer-Community-Harvest.jpg\",\"contentUrl\":\"https:\\\/\\\/www.ottawafoodbank.ca\\\/wp-content\\\/uploads\\\/2019\\\/07\\\/Ottawa-Food-Bank-Volunteer-Community-Harvest.jpg\"},{\"@type\":\"BreadcrumbList\",\"@id\":\"https:\\\/\\\/www.ottawafoodbank.ca\\\/fr\\\/aide-apportee\\\/cultiver-des-aliments\\\/#breadcrumb\",\"itemListElement\":[{\"@type\":\"ListItem\",\"position\":1,\"name\":\"Accueil\",\"item\":\"https:\\\/\\\/www.ottawafoodbank.ca\\\/fr\\\/accueil\\\/\"},{\"@type\":\"ListItem\",\"position\":2,\"name\":\"Aide apport\u00e9e\",\"item\":\"https:\\\/\\\/www.ottawafoodbank.ca\\\/fr\\\/aide-apportee\\\/\"},{\"@type\":\"ListItem\",\"position\":3,\"name\":\"Cultiver des aliments\"}]},{\"@type\":\"WebSite\",\"@id\":\"https:\\\/\\\/www.ottawafoodbank.ca\\\/fr\\\/#website\",\"url\":\"https:\\\/\\\/www.ottawafoodbank.ca\\\/fr\\\/\",\"name\":\"Ottawa Food Bank\",\"description\":\"People succeed when they aren&#039;t hungry. We make that happen.\",\"publisher\":{\"@id\":\"https:\\\/\\\/www.ottawafoodbank.ca\\\/fr\\\/#organization\"},\"potentialAction\":[{\"@type\":\"SearchAction\",\"target\":{\"@type\":\"EntryPoint\",\"urlTemplate\":\"https:\\\/\\\/www.ottawafoodbank.ca\\\/fr\\\/?s={search_term_string}\"},\"query-input\":{\"@type\":\"PropertyValueSpecification\",\"valueRequired\":true,\"valueName\":\"search_term_string\"}}],\"inLanguage\":\"fr-FR\"},{\"@type\":\"Organization\",\"@id\":\"https:\\\/\\\/www.ottawafoodbank.ca\\\/fr\\\/#organization\",\"name\":\"Ottawa Food Bank\",\"url\":\"https:\\\/\\\/www.ottawafoodbank.ca\\\/fr\\\/\",\"logo\":{\"@type\":\"ImageObject\",\"inLanguage\":\"fr-FR\",\"@id\":\"https:\\\/\\\/www.ottawafoodbank.ca\\\/fr\\\/#\\\/schema\\\/logo\\\/image\\\/\",\"url\":\"https:\\\/\\\/www.ottawafoodbank.ca\\\/wp-content\\\/uploads\\\/2019\\\/07\\\/OFB-logo2011-R-BILING.jpg\",\"contentUrl\":\"https:\\\/\\\/www.ottawafoodbank.ca\\\/wp-content\\\/uploads\\\/2019\\\/07\\\/OFB-logo2011-R-BILING.jpg\",\"width\":466,\"height\":259,\"caption\":\"Ottawa Food Bank\"},\"image\":{\"@id\":\"https:\\\/\\\/www.ottawafoodbank.ca\\\/fr\\\/#\\\/schema\\\/logo\\\/image\\\/\"},\"sameAs\":[\"http:\\\/\\\/www.facebook.com\\\/OttawaFoodBank\",\"https:\\\/\\\/x.com\\\/OttawaFoodBank\",\"https:\\\/\\\/instagram.com\\\/ottawafoodbank\",\"http:\\\/\\\/www.youtube.com\\\/ottawafoodbank\"]}]}<\/script>\n<!-- \/ Yoast SEO plugin. -->","yoast_head_json":{"title":"Cultiver des aliments - Ottawa Food Bank","robots":{"index":"index","follow":"follow","max-snippet":"max-snippet:-1","max-image-preview":"max-image-preview:large","max-video-preview":"max-video-preview:-1"},"canonical":"https:\/\/www.ottawafoodbank.ca\/fr\/aide-apportee\/cultiver-des-aliments\/","og_locale":"fr_FR","og_type":"article","og_title":"Cultiver des aliments - Ottawa Food Bank","og_description":"Approche de la Banque d\u2019Alimentation d\u2019Ottawa pour r\u00e9pondre aux besoins de tous les habitants de la ville. Non seulement nous travaillons avec les agriculteurs locaux et acceptons les dons de [&hellip;]","og_url":"https:\/\/www.ottawafoodbank.ca\/fr\/aide-apportee\/cultiver-des-aliments\/","og_site_name":"Ottawa Food Bank","article_publisher":"http:\/\/www.facebook.com\/OttawaFoodBank","article_modified_time":"2020-10-13T18:56:04+00:00","og_image":[{"url":"https:\/\/www.ottawafoodbank.ca\/wp-content\/uploads\/2019\/07\/Ottawa-Food-Bank-Volunteer-Community-Harvest.jpg","type":"","width":"","height":""}],"twitter_card":"summary_large_image","twitter_site":"@OttawaFoodBank","twitter_misc":{"Dur\u00e9e de lecture estim\u00e9e":"1 minute"},"schema":{"@context":"https:\/\/schema.org","@graph":[{"@type":"WebPage","@id":"https:\/\/www.ottawafoodbank.ca\/fr\/aide-apportee\/cultiver-des-aliments\/","url":"https:\/\/www.ottawafoodbank.ca\/fr\/aide-apportee\/cultiver-des-aliments\/","name":"Cultiver des aliments - Ottawa Food Bank","isPartOf":{"@id":"https:\/\/www.ottawafoodbank.ca\/fr\/#website"},"primaryImageOfPage":{"@id":"https:\/\/www.ottawafoodbank.ca\/fr\/aide-apportee\/cultiver-des-aliments\/#primaryimage"},"image":{"@id":"https:\/\/www.ottawafoodbank.ca\/fr\/aide-apportee\/cultiver-des-aliments\/#primaryimage"},"thumbnailUrl":"https:\/\/www.ottawafoodbank.ca\/wp-content\/uploads\/2019\/07\/Ottawa-Food-Bank-Volunteer-Community-Harvest.jpg","datePublished":"2019-07-26T19:45:21+00:00","dateModified":"2020-10-13T18:56:04+00:00","breadcrumb":{"@id":"https:\/\/www.ottawafoodbank.ca\/fr\/aide-apportee\/cultiver-des-aliments\/#breadcrumb"},"inLanguage":"fr-FR","potentialAction":[{"@type":"ReadAction","target":["https:\/\/www.ottawafoodbank.ca\/fr\/aide-apportee\/cultiver-des-aliments\/"]}]},{"@type":"ImageObject","inLanguage":"fr-FR","@id":"https:\/\/www.ottawafoodbank.ca\/fr\/aide-apportee\/cultiver-des-aliments\/#primaryimage","url":"https:\/\/www.ottawafoodbank.ca\/wp-content\/uploads\/2019\/07\/Ottawa-Food-Bank-Volunteer-Community-Harvest.jpg","contentUrl":"https:\/\/www.ottawafoodbank.ca\/wp-content\/uploads\/2019\/07\/Ottawa-Food-Bank-Volunteer-Community-Harvest.jpg"},{"@type":"BreadcrumbList","@id":"https:\/\/www.ottawafoodbank.ca\/fr\/aide-apportee\/cultiver-des-aliments\/#breadcrumb","itemListElement":[{"@type":"ListItem","position":1,"name":"Accueil","item":"https:\/\/www.ottawafoodbank.ca\/fr\/accueil\/"},{"@type":"ListItem","position":2,"name":"Aide apport\u00e9e","item":"https:\/\/www.ottawafoodbank.ca\/fr\/aide-apportee\/"},{"@type":"ListItem","position":3,"name":"Cultiver des aliments"}]},{"@type":"WebSite","@id":"https:\/\/www.ottawafoodbank.ca\/fr\/#website","url":"https:\/\/www.ottawafoodbank.ca\/fr\/","name":"Ottawa Food Bank","description":"People succeed when they aren&#039;t hungry. We make that happen.","publisher":{"@id":"https:\/\/www.ottawafoodbank.ca\/fr\/#organization"},"potentialAction":[{"@type":"SearchAction","target":{"@type":"EntryPoint","urlTemplate":"https:\/\/www.ottawafoodbank.ca\/fr\/?s={search_term_string}"},"query-input":{"@type":"PropertyValueSpecification","valueRequired":true,"valueName":"search_term_string"}}],"inLanguage":"fr-FR"},{"@type":"Organization","@id":"https:\/\/www.ottawafoodbank.ca\/fr\/#organization","name":"Ottawa Food Bank","url":"https:\/\/www.ottawafoodbank.ca\/fr\/","logo":{"@type":"ImageObject","inLanguage":"fr-FR","@id":"https:\/\/www.ottawafoodbank.ca\/fr\/#\/schema\/logo\/image\/","url":"https:\/\/www.ottawafoodbank.ca\/wp-content\/uploads\/2019\/07\/OFB-logo2011-R-BILING.jpg","contentUrl":"https:\/\/www.ottawafoodbank.ca\/wp-content\/uploads\/2019\/07\/OFB-logo2011-R-BILING.jpg","width":466,"height":259,"caption":"Ottawa Food Bank"},"image":{"@id":"https:\/\/www.ottawafoodbank.ca\/fr\/#\/schema\/logo\/image\/"},"sameAs":["http:\/\/www.facebook.com\/OttawaFoodBank","https:\/\/x.com\/OttawaFoodBank","https:\/\/instagram.com\/ottawafoodbank","http:\/\/www.youtube.com\/ottawafoodbank"]}]}},"_links":{"self":[{"href":"https:\/\/www.ottawafoodbank.ca\/fr\/wp-json\/wp\/v2\/pages\/23141","targetHints":{"allow":["GET"]}}],"collection":[{"href":"https:\/\/www.ottawafoodbank.ca\/fr\/wp-json\/wp\/v2\/pages"}],"about":[{"href":"https:\/\/www.ottawafoodbank.ca\/fr\/wp-json\/wp\/v2\/types\/page"}],"author":[{"embeddable":true,"href":"https:\/\/www.ottawafoodbank.ca\/fr\/wp-json\/wp\/v2\/users\/1"}],"replies":[{"embeddable":true,"href":"https:\/\/www.ottawafoodbank.ca\/fr\/wp-json\/wp\/v2\/comments?post=23141"}],"version-history":[{"count":5,"href":"https:\/\/www.ottawafoodbank.ca\/fr\/wp-json\/wp\/v2\/pages\/23141\/revisions"}],"predecessor-version":[{"id":28808,"href":"https:\/\/www.ottawafoodbank.ca\/fr\/wp-json\/wp\/v2\/pages\/23141\/revisions\/28808"}],"up":[{"embeddable":true,"href":"https:\/\/www.ottawafoodbank.ca\/fr\/wp-json\/wp\/v2\/pages\/23151"}],"wp:attachment":[{"href":"https:\/\/www.ottawafoodbank.ca\/fr\/wp-json\/wp\/v2\/media?parent=23141"}],"curies":[{"name":"wp","href":"https:\/\/api.w.org\/{rel}","templated":true}]}}