{"id":23503,"date":"2019-07-29T10:55:41","date_gmt":"2019-07-29T14:55:41","guid":{"rendered":"https:\/\/www.ottawafoodbank.ca\/ottawa-food-bank-events\/event-toolkits\/"},"modified":"2025-10-24T15:56:00","modified_gmt":"2025-10-24T19:56:00","slug":"ressources-pour-les-evenements","status":"publish","type":"page","link":"https:\/\/www.ottawafoodbank.ca\/fr\/evenements-de-la-banque-alimentaire-dottawa\/ressources-pour-les-evenements\/","title":{"rendered":"Ressources pour les \u00e9v\u00e9nements"},"content":{"rendered":"\t\t<div data-elementor-type=\"wp-post\" data-elementor-id=\"23503\" class=\"elementor elementor-23503 elementor-21081\" data-elementor-post-type=\"page\">\n\t\t\t\t\t\t<section class=\"elementor-section elementor-top-section elementor-element elementor-element-dff8b10 elementor-section-boxed elementor-section-height-default elementor-section-height-default\" data-id=\"dff8b10\" data-element_type=\"section\" data-e-type=\"section\" data-settings=\"{&quot;jet_parallax_layout_list&quot;:[{&quot;jet_parallax_layout_image&quot;:{&quot;url&quot;:&quot;&quot;,&quot;id&quot;:&quot;&quot;,&quot;size&quot;:&quot;&quot;},&quot;_id&quot;:&quot;1bcf042&quot;,&quot;jet_parallax_layout_image_tablet&quot;:{&quot;url&quot;:&quot;&quot;,&quot;id&quot;:&quot;&quot;,&quot;size&quot;:&quot;&quot;},&quot;jet_parallax_layout_image_mobile&quot;:{&quot;url&quot;:&quot;&quot;,&quot;id&quot;:&quot;&quot;,&quot;size&quot;:&quot;&quot;},&quot;jet_parallax_layout_speed&quot;:{&quot;unit&quot;:&quot;%&quot;,&quot;size&quot;:50,&quot;sizes&quot;:[]},&quot;jet_parallax_layout_type&quot;:&quot;scroll&quot;,&quot;jet_parallax_layout_direction&quot;:&quot;1&quot;,&quot;jet_parallax_layout_fx_direction&quot;:null,&quot;jet_parallax_layout_z_index&quot;:&quot;&quot;,&quot;jet_parallax_layout_bg_x&quot;:50,&quot;jet_parallax_layout_bg_x_tablet&quot;:&quot;&quot;,&quot;jet_parallax_layout_bg_x_mobile&quot;:&quot;&quot;,&quot;jet_parallax_layout_bg_y&quot;:50,&quot;jet_parallax_layout_bg_y_tablet&quot;:&quot;&quot;,&quot;jet_parallax_layout_bg_y_mobile&quot;:&quot;&quot;,&quot;jet_parallax_layout_bg_size&quot;:&quot;auto&quot;,&quot;jet_parallax_layout_bg_size_tablet&quot;:&quot;&quot;,&quot;jet_parallax_layout_bg_size_mobile&quot;:&quot;&quot;,&quot;jet_parallax_layout_animation_prop&quot;:&quot;transform&quot;,&quot;jet_parallax_layout_on&quot;:[&quot;desktop&quot;,&quot;tablet&quot;]}]}\">\n\t\t\t\t\t\t<div class=\"elementor-container elementor-column-gap-default\">\n\t\t\t\t\t<div class=\"elementor-column elementor-col-100 elementor-top-column elementor-element elementor-element-bf858d6\" data-id=\"bf858d6\" data-element_type=\"column\" data-e-type=\"column\">\n\t\t\t<div class=\"elementor-widget-wrap elementor-element-populated\">\n\t\t\t\t\t\t<div class=\"elementor-element elementor-element-f883713 elementor-widget elementor-widget-heading\" data-id=\"f883713\" data-element_type=\"widget\" data-e-type=\"widget\" data-widget_type=\"heading.default\">\n\t\t\t\t<div class=\"elementor-widget-container\">\n\t\t\t\t\t<h2 class=\"elementor-heading-title elementor-size-default\">Vous cherchez de l\u2019inspiration, des informations ou du mat\u00e9riel promotionnel pour votre \u00e9v\u00e9nement? Vous \u00eates au bon endroit!<\/h2>\t\t\t\t<\/div>\n\t\t\t\t<\/div>\n\t\t\t\t\t<\/div>\n\t\t<\/div>\n\t\t\t\t\t<\/div>\n\t\t<\/section>\n\t\t\t\t<section class=\"elementor-section elementor-top-section elementor-element elementor-element-7745644 elementor-section-boxed elementor-section-height-default elementor-section-height-default\" data-id=\"7745644\" data-element_type=\"section\" data-e-type=\"section\" data-settings=\"{&quot;jet_parallax_layout_list&quot;:[{&quot;jet_parallax_layout_image&quot;:{&quot;url&quot;:&quot;&quot;,&quot;id&quot;:&quot;&quot;,&quot;size&quot;:&quot;&quot;},&quot;_id&quot;:&quot;9f3b1b2&quot;,&quot;jet_parallax_layout_image_tablet&quot;:{&quot;url&quot;:&quot;&quot;,&quot;id&quot;:&quot;&quot;,&quot;size&quot;:&quot;&quot;},&quot;jet_parallax_layout_image_mobile&quot;:{&quot;url&quot;:&quot;&quot;,&quot;id&quot;:&quot;&quot;,&quot;size&quot;:&quot;&quot;},&quot;jet_parallax_layout_speed&quot;:{&quot;unit&quot;:&quot;%&quot;,&quot;size&quot;:50,&quot;sizes&quot;:[]},&quot;jet_parallax_layout_type&quot;:&quot;scroll&quot;,&quot;jet_parallax_layout_direction&quot;:&quot;1&quot;,&quot;jet_parallax_layout_fx_direction&quot;:null,&quot;jet_parallax_layout_z_index&quot;:&quot;&quot;,&quot;jet_parallax_layout_bg_x&quot;:50,&quot;jet_parallax_layout_bg_x_tablet&quot;:&quot;&quot;,&quot;jet_parallax_layout_bg_x_mobile&quot;:&quot;&quot;,&quot;jet_parallax_layout_bg_y&quot;:50,&quot;jet_parallax_layout_bg_y_tablet&quot;:&quot;&quot;,&quot;jet_parallax_layout_bg_y_mobile&quot;:&quot;&quot;,&quot;jet_parallax_layout_bg_size&quot;:&quot;auto&quot;,&quot;jet_parallax_layout_bg_size_tablet&quot;:&quot;&quot;,&quot;jet_parallax_layout_bg_size_mobile&quot;:&quot;&quot;,&quot;jet_parallax_layout_animation_prop&quot;:&quot;transform&quot;,&quot;jet_parallax_layout_on&quot;:[&quot;desktop&quot;,&quot;tablet&quot;]}]}\">\n\t\t\t\t\t\t<div class=\"elementor-container elementor-column-gap-default\">\n\t\t\t\t\t<div class=\"elementor-column elementor-col-100 elementor-top-column elementor-element elementor-element-429ccdc\" data-id=\"429ccdc\" data-element_type=\"column\" data-e-type=\"column\">\n\t\t\t<div class=\"elementor-widget-wrap elementor-element-populated\">\n\t\t\t\t\t\t<div class=\"elementor-element elementor-element-00c6e83 elementor-align-center elementor-widget elementor-widget-button\" data-id=\"00c6e83\" data-element_type=\"widget\" data-e-type=\"widget\" data-widget_type=\"button.default\">\n\t\t\t\t<div class=\"elementor-widget-container\">\n\t\t\t\t\t\t\t\t\t<div class=\"elementor-button-wrapper\">\n\t\t\t\t\t<a class=\"elementor-button elementor-button-link elementor-size-xl\" href=\"https:\/\/www.ottawafoodbank.ca\/fr\/ottawa-food-bank-events\/register\/\">\n\t\t\t\t\t\t<span class=\"elementor-button-content-wrapper\">\n\t\t\t\t\t\t\t\t\t<span class=\"elementor-button-text\">Inscrivez votre \u00e9v\u00e9nement<\/span>\n\t\t\t\t\t<\/span>\n\t\t\t\t\t<\/a>\n\t\t\t\t<\/div>\n\t\t\t\t\t\t\t\t<\/div>\n\t\t\t\t<\/div>\n\t\t\t\t<div class=\"elementor-element elementor-element-4e49707 elementor-widget elementor-widget-text-editor\" data-id=\"4e49707\" data-element_type=\"widget\" data-e-type=\"widget\" data-widget_type=\"text-editor.default\">\n\t\t\t\t<div class=\"elementor-widget-container\">\n\t\t\t\t\t\t\t\t\t<h4><strong>Nous aimons voir ce que vous faites!<\/strong><\/h4><p>\u00c0 la Banque d\u2019alimentation d\u2019Ottawa, nous sommes reconnaissants de vos efforts et de votre cr\u00e9ativit\u00e9, et nous vous encourageons \u00e0 nous identiqueter sur les m\u00e9dias sociaux (@ottawafoodbank) afin que nous puissions faire conna\u00eetre votre \u00e9v\u00e9nement \u00e0 notre communaut\u00e9.<\/p><p>Nous aimerions voir comment vous utilisez notre logo et d\u2019autres images, alors envoyez tout mat\u00e9riel promotionnel que vous avez cr\u00e9\u00e9 \u00e0 <a href=\"mailto:events@ottawafoodbank.ca\">events@ottawafoodbank.ca<\/a>. Nous aimons notre logo tel qu\u2019il est! Veuillez ne pas modifier le logo de la Banque d\u2019alimentation d\u2019Ottawa. Une copie \u00e9lectronique du logo se <a href=\"https:\/\/www.ottawafoodbank.ca\/wp-content\/uploads\/2025\/02\/2025-OFB-Logo-Kit.zip\">trouve ici<\/a>.<\/p><h4><strong>Allocutions<\/strong><\/h4><p>L\u2019\u00e9quipe de la Banque d\u2019alimentation d\u2019Ottawa est l\u00e0 pour contribuer \u00e0 vos efforts. Si vous souhaitez qu\u2019un conf\u00e9rencier de la Banque d\u2019alimentation d\u2019Ottawa participe \u00e0 votre \u00e9v\u00e9nement, veuillez soumettre votre demande \u00e0 <a href=\"mailto:events@ottawafoodbank.ca\">events@ottawafoodbank.ca<\/a> deux semaines avant la date de votre \u00e9v\u00e9nement (ou jusqu\u2019\u00e0 trois semaines entre octobre et d\u00e9cembre). Nous ferons de notre mieux pour r\u00e9pondre \u00e0 votre demande.<\/p><p><strong>Mat\u00e9riel dont vous pourriez avoir besoin\u00a0:<\/strong><\/p><ul><li><a href=\"https:\/\/www.ottawafoodbank.ca\/wp-content\/uploads\/2025\/02\/2025-OFB-Logo-Kit.zip\">Logo de la Banque d\u2019alimentation d\u2019Ottawa<\/a><\/li><li><a href=\"https:\/\/www.ottawafoodbank.ca\/wp-content\/uploads\/2025\/10\/EN-Food-Drive-Poster-11x17-1.pdf\">Affiche 11&#215;17 (anglais)<\/a><\/li><li><a href=\"https:\/\/www.ottawafoodbank.ca\/wp-content\/uploads\/2025\/10\/EN-Food-Drive-Poster-8.5x11.pdf\">Affiche 8.5&#215;11 (anglais)<\/a><\/li><li><a href=\"https:\/\/www.ottawafoodbank.ca\/wp-content\/uploads\/2025\/10\/FR-Food-Drive-Poster-11x17-1.pdf\">Affiche 11&#215;17 (fran\u00e7ais)<\/a><\/li><li><a href=\"https:\/\/www.ottawafoodbank.ca\/wp-content\/uploads\/2025\/10\/FR-Food-Drive-Poster-8.5x11.pdf\">Affiche 8.5&#215;11 (fran\u00e7ais)<\/a><\/li><\/ul>\t\t\t\t\t\t\t\t<\/div>\n\t\t\t\t<\/div>\n\t\t\t\t<div class=\"elementor-element elementor-element-7f05b4f elementor-align-center elementor-widget elementor-widget-button\" data-id=\"7f05b4f\" data-element_type=\"widget\" data-e-type=\"widget\" data-widget_type=\"button.default\">\n\t\t\t\t<div class=\"elementor-widget-container\">\n\t\t\t\t\t\t\t\t\t<div class=\"elementor-button-wrapper\">\n\t\t\t\t\t<a class=\"elementor-button elementor-button-link elementor-size-sm\" href=\"https:\/\/www.ottawafoodbank.ca\/wp-content\/uploads\/2025\/10\/Holiday-Food-Drive-Collecte-de-denrees-des-Fetes.zip\">\n\t\t\t\t\t\t<span class=\"elementor-button-content-wrapper\">\n\t\t\t\t\t\t\t\t\t<span class=\"elementor-button-text\">Ressources de la Collecte de denr\u00e9es des F\u00eates<\/span>\n\t\t\t\t\t<\/span>\n\t\t\t\t\t<\/a>\n\t\t\t\t<\/div>\n\t\t\t\t\t\t\t\t<\/div>\n\t\t\t\t<\/div>\n\t\t\t\t\t<\/div>\n\t\t<\/div>\n\t\t\t\t\t<\/div>\n\t\t<\/section>\n\t\t\t\t<section class=\"elementor-section elementor-top-section elementor-element elementor-element-4937d46 elementor-section-boxed elementor-section-height-default elementor-section-height-default\" data-id=\"4937d46\" data-element_type=\"section\" data-e-type=\"section\" data-settings=\"{&quot;jet_parallax_layout_list&quot;:[{&quot;jet_parallax_layout_image&quot;:{&quot;url&quot;:&quot;&quot;,&quot;id&quot;:&quot;&quot;,&quot;size&quot;:&quot;&quot;},&quot;_id&quot;:&quot;e317bcf&quot;,&quot;jet_parallax_layout_image_tablet&quot;:{&quot;url&quot;:&quot;&quot;,&quot;id&quot;:&quot;&quot;,&quot;size&quot;:&quot;&quot;},&quot;jet_parallax_layout_image_mobile&quot;:{&quot;url&quot;:&quot;&quot;,&quot;id&quot;:&quot;&quot;,&quot;size&quot;:&quot;&quot;},&quot;jet_parallax_layout_speed&quot;:{&quot;unit&quot;:&quot;%&quot;,&quot;size&quot;:50,&quot;sizes&quot;:[]},&quot;jet_parallax_layout_type&quot;:&quot;scroll&quot;,&quot;jet_parallax_layout_direction&quot;:&quot;1&quot;,&quot;jet_parallax_layout_fx_direction&quot;:null,&quot;jet_parallax_layout_z_index&quot;:&quot;&quot;,&quot;jet_parallax_layout_bg_x&quot;:50,&quot;jet_parallax_layout_bg_x_tablet&quot;:&quot;&quot;,&quot;jet_parallax_layout_bg_x_mobile&quot;:&quot;&quot;,&quot;jet_parallax_layout_bg_y&quot;:50,&quot;jet_parallax_layout_bg_y_tablet&quot;:&quot;&quot;,&quot;jet_parallax_layout_bg_y_mobile&quot;:&quot;&quot;,&quot;jet_parallax_layout_bg_size&quot;:&quot;auto&quot;,&quot;jet_parallax_layout_bg_size_tablet&quot;:&quot;&quot;,&quot;jet_parallax_layout_bg_size_mobile&quot;:&quot;&quot;,&quot;jet_parallax_layout_animation_prop&quot;:&quot;transform&quot;,&quot;jet_parallax_layout_on&quot;:[&quot;desktop&quot;,&quot;tablet&quot;]}]}\">\n\t\t\t\t\t\t<div class=\"elementor-container elementor-column-gap-default\">\n\t\t\t\t\t<div class=\"elementor-column elementor-col-50 elementor-top-column elementor-element elementor-element-4d233a4\" data-id=\"4d233a4\" data-element_type=\"column\" data-e-type=\"column\">\n\t\t\t<div class=\"elementor-widget-wrap elementor-element-populated\">\n\t\t\t\t\t\t<div class=\"elementor-element elementor-element-aa811d0 elementor-widget elementor-widget-text-editor\" data-id=\"aa811d0\" data-element_type=\"widget\" data-e-type=\"widget\" data-widget_type=\"text-editor.default\">\n\t\t\t\t<div class=\"elementor-widget-container\">\n\t\t\t\t\t\t\t\t\t<h4><strong>Id\u00e9es de collecte de fonds<\/strong><\/h4>\n<ol>\n<li>C\u00e9l\u00e9brations personnelles<\/li>\n<li>D\u00e9fis physiques<\/li>\n<li><a href=\"https:\/\/www.ottawafoodbank.ca\/fr\/how-to-set-up-a-peer-to-peer-fundraising-site\/\" target=\"_blank\" rel=\"noopener\">Collecte de fonds et d\u2019aliments entre pairs<\/a><\/li>\n<li>Portion des recettes<\/li>\n<li><a href=\"https:\/\/www.ottawafoodbank.ca\/fr\/firms-filling-fridges-resultats-de-la-collecte-de-fonds\/\" target=\"_blank\" rel=\"noopener\">Campagne sur le lieu de travail<\/a><\/li>\n<li><a href=\"https:\/\/www.ottawafoodbank.ca\/fr\/mise-en-vedette-de-membres-de-la-communaute-christopher-griffin\/\" target=\"_blank\" rel=\"noopener\">Faites don de votre talent<\/a><\/li>\n<li>Faites don de votre art<\/li>\n<li>Campagne cibl\u00e9e<\/li>\n<\/ol>\t\t\t\t\t\t\t\t<\/div>\n\t\t\t\t<\/div>\n\t\t\t\t\t<\/div>\n\t\t<\/div>\n\t\t\t\t<div class=\"elementor-column elementor-col-50 elementor-top-column elementor-element elementor-element-323d726\" data-id=\"323d726\" data-element_type=\"column\" data-e-type=\"column\">\n\t\t\t<div class=\"elementor-widget-wrap elementor-element-populated\">\n\t\t\t\t\t\t<div class=\"elementor-element elementor-element-b9c922e elementor-widget elementor-widget-text-editor\" data-id=\"b9c922e\" data-element_type=\"widget\" data-e-type=\"widget\" data-widget_type=\"text-editor.default\">\n\t\t\t\t<div class=\"elementor-widget-container\">\n\t\t\t\t\t\t\t\t\t<h4><strong>Faites passer le mot<\/strong><\/h4><ul><li>Envoyez des publipostages \u00e9lectroniques en utilisant nos exemples de messages;<\/li><li>Affichez des informations sur les bulletins d\u2019information ou forums du personnel;<\/li><li>Posez des affiches dans des endroits tr\u00e8s visibles;<\/li><li>Utilisez vos m\u00e9dias sociaux pour diffuser l\u2019information;<\/li><li>Cr\u00e9ez une page d\u2019\u00e9v\u00e9nement sur Facebook;<\/li><li>Collecte de fonds : notions de base.<\/li><\/ul>\t\t\t\t\t\t\t\t<\/div>\n\t\t\t\t<\/div>\n\t\t\t\t\t<\/div>\n\t\t<\/div>\n\t\t\t\t\t<\/div>\n\t\t<\/section>\n\t\t\t\t<\/div>\n\t\t","protected":false},"excerpt":{"rendered":"<p>Vous cherchez de l\u2019inspiration, des informations ou du mat\u00e9riel promotionnel pour votre \u00e9v\u00e9nement? Vous \u00eates au bon endroit! Inscrivez votre \u00e9v\u00e9nement Nous aimons voir ce que vous faites! \u00c0 la [&hellip;]<\/p>\n","protected":false},"author":1,"featured_media":0,"parent":25793,"menu_order":0,"comment_status":"closed","ping_status":"closed","template":"","meta":{"_acf_changed":false,"inline_featured_image":false,"footnotes":""},"class_list":["post-23503","page","type-page","status-publish","hentry"],"acf":[],"yoast_head":"<!-- This site is optimized with the Yoast SEO plugin v27.4 - https:\/\/yoast.com\/product\/yoast-seo-wordpress\/ -->\n<title>Ressources pour les \u00e9v\u00e9nements - Ottawa Food Bank<\/title>\n<meta name=\"robots\" content=\"index, follow, max-snippet:-1, max-image-preview:large, max-video-preview:-1\" \/>\n<link rel=\"canonical\" href=\"https:\/\/www.ottawafoodbank.ca\/fr\/evenements-de-la-banque-alimentaire-dottawa\/ressources-pour-les-evenements\/\" \/>\n<meta property=\"og:locale\" content=\"fr_FR\" \/>\n<meta property=\"og:type\" content=\"article\" \/>\n<meta property=\"og:title\" content=\"Ressources pour les \u00e9v\u00e9nements - Ottawa Food Bank\" \/>\n<meta property=\"og:description\" content=\"Vous cherchez de l\u2019inspiration, des informations ou du mat\u00e9riel promotionnel pour votre \u00e9v\u00e9nement? Vous \u00eates au bon endroit! Inscrivez votre \u00e9v\u00e9nement Nous aimons voir ce que vous faites! \u00c0 la [&hellip;]\" \/>\n<meta property=\"og:url\" content=\"https:\/\/www.ottawafoodbank.ca\/fr\/evenements-de-la-banque-alimentaire-dottawa\/ressources-pour-les-evenements\/\" \/>\n<meta property=\"og:site_name\" content=\"Ottawa Food Bank\" \/>\n<meta property=\"article:publisher\" content=\"http:\/\/www.facebook.com\/OttawaFoodBank\" \/>\n<meta property=\"article:modified_time\" content=\"2025-10-24T19:56:00+00:00\" \/>\n<meta name=\"twitter:card\" content=\"summary_large_image\" \/>\n<meta name=\"twitter:site\" content=\"@OttawaFoodBank\" \/>\n<meta name=\"twitter:label1\" content=\"Dur\u00e9e de lecture estim\u00e9e\" \/>\n\t<meta name=\"twitter:data1\" content=\"2 minutes\" \/>\n<script type=\"application\/ld+json\" class=\"yoast-schema-graph\">{\"@context\":\"https:\\\/\\\/schema.org\",\"@graph\":[{\"@type\":\"WebPage\",\"@id\":\"https:\\\/\\\/www.ottawafoodbank.ca\\\/fr\\\/evenements-de-la-banque-alimentaire-dottawa\\\/ressources-pour-les-evenements\\\/\",\"url\":\"https:\\\/\\\/www.ottawafoodbank.ca\\\/fr\\\/evenements-de-la-banque-alimentaire-dottawa\\\/ressources-pour-les-evenements\\\/\",\"name\":\"Ressources pour les \u00e9v\u00e9nements - Ottawa Food Bank\",\"isPartOf\":{\"@id\":\"https:\\\/\\\/www.ottawafoodbank.ca\\\/fr\\\/#website\"},\"datePublished\":\"2019-07-29T14:55:41+00:00\",\"dateModified\":\"2025-10-24T19:56:00+00:00\",\"breadcrumb\":{\"@id\":\"https:\\\/\\\/www.ottawafoodbank.ca\\\/fr\\\/evenements-de-la-banque-alimentaire-dottawa\\\/ressources-pour-les-evenements\\\/#breadcrumb\"},\"inLanguage\":\"fr-FR\",\"potentialAction\":[{\"@type\":\"ReadAction\",\"target\":[\"https:\\\/\\\/www.ottawafoodbank.ca\\\/fr\\\/evenements-de-la-banque-alimentaire-dottawa\\\/ressources-pour-les-evenements\\\/\"]}]},{\"@type\":\"BreadcrumbList\",\"@id\":\"https:\\\/\\\/www.ottawafoodbank.ca\\\/fr\\\/evenements-de-la-banque-alimentaire-dottawa\\\/ressources-pour-les-evenements\\\/#breadcrumb\",\"itemListElement\":[{\"@type\":\"ListItem\",\"position\":1,\"name\":\"Accueil\",\"item\":\"https:\\\/\\\/www.ottawafoodbank.ca\\\/fr\\\/accueil\\\/\"},{\"@type\":\"ListItem\",\"position\":2,\"name\":\"\u00c9v\u00e9nements\",\"item\":\"https:\\\/\\\/www.ottawafoodbank.ca\\\/fr\\\/evenements-de-la-banque-alimentaire-dottawa\\\/\"},{\"@type\":\"ListItem\",\"position\":3,\"name\":\"Ressources pour les \u00e9v\u00e9nements\"}]},{\"@type\":\"WebSite\",\"@id\":\"https:\\\/\\\/www.ottawafoodbank.ca\\\/fr\\\/#website\",\"url\":\"https:\\\/\\\/www.ottawafoodbank.ca\\\/fr\\\/\",\"name\":\"Ottawa Food Bank\",\"description\":\"People succeed when they aren&#039;t hungry. We make that happen.\",\"publisher\":{\"@id\":\"https:\\\/\\\/www.ottawafoodbank.ca\\\/fr\\\/#organization\"},\"potentialAction\":[{\"@type\":\"SearchAction\",\"target\":{\"@type\":\"EntryPoint\",\"urlTemplate\":\"https:\\\/\\\/www.ottawafoodbank.ca\\\/fr\\\/?s={search_term_string}\"},\"query-input\":{\"@type\":\"PropertyValueSpecification\",\"valueRequired\":true,\"valueName\":\"search_term_string\"}}],\"inLanguage\":\"fr-FR\"},{\"@type\":\"Organization\",\"@id\":\"https:\\\/\\\/www.ottawafoodbank.ca\\\/fr\\\/#organization\",\"name\":\"Ottawa Food Bank\",\"url\":\"https:\\\/\\\/www.ottawafoodbank.ca\\\/fr\\\/\",\"logo\":{\"@type\":\"ImageObject\",\"inLanguage\":\"fr-FR\",\"@id\":\"https:\\\/\\\/www.ottawafoodbank.ca\\\/fr\\\/#\\\/schema\\\/logo\\\/image\\\/\",\"url\":\"https:\\\/\\\/www.ottawafoodbank.ca\\\/wp-content\\\/uploads\\\/2019\\\/07\\\/OFB-logo2011-R-BILING.jpg\",\"contentUrl\":\"https:\\\/\\\/www.ottawafoodbank.ca\\\/wp-content\\\/uploads\\\/2019\\\/07\\\/OFB-logo2011-R-BILING.jpg\",\"width\":466,\"height\":259,\"caption\":\"Ottawa Food Bank\"},\"image\":{\"@id\":\"https:\\\/\\\/www.ottawafoodbank.ca\\\/fr\\\/#\\\/schema\\\/logo\\\/image\\\/\"},\"sameAs\":[\"http:\\\/\\\/www.facebook.com\\\/OttawaFoodBank\",\"https:\\\/\\\/x.com\\\/OttawaFoodBank\",\"https:\\\/\\\/instagram.com\\\/ottawafoodbank\",\"http:\\\/\\\/www.youtube.com\\\/ottawafoodbank\"]}]}<\/script>\n<!-- \/ Yoast SEO plugin. -->","yoast_head_json":{"title":"Ressources pour les \u00e9v\u00e9nements - Ottawa Food Bank","robots":{"index":"index","follow":"follow","max-snippet":"max-snippet:-1","max-image-preview":"max-image-preview:large","max-video-preview":"max-video-preview:-1"},"canonical":"https:\/\/www.ottawafoodbank.ca\/fr\/evenements-de-la-banque-alimentaire-dottawa\/ressources-pour-les-evenements\/","og_locale":"fr_FR","og_type":"article","og_title":"Ressources pour les \u00e9v\u00e9nements - Ottawa Food Bank","og_description":"Vous cherchez de l\u2019inspiration, des informations ou du mat\u00e9riel promotionnel pour votre \u00e9v\u00e9nement? Vous \u00eates au bon endroit! Inscrivez votre \u00e9v\u00e9nement Nous aimons voir ce que vous faites! \u00c0 la [&hellip;]","og_url":"https:\/\/www.ottawafoodbank.ca\/fr\/evenements-de-la-banque-alimentaire-dottawa\/ressources-pour-les-evenements\/","og_site_name":"Ottawa Food Bank","article_publisher":"http:\/\/www.facebook.com\/OttawaFoodBank","article_modified_time":"2025-10-24T19:56:00+00:00","twitter_card":"summary_large_image","twitter_site":"@OttawaFoodBank","twitter_misc":{"Dur\u00e9e de lecture estim\u00e9e":"2 minutes"},"schema":{"@context":"https:\/\/schema.org","@graph":[{"@type":"WebPage","@id":"https:\/\/www.ottawafoodbank.ca\/fr\/evenements-de-la-banque-alimentaire-dottawa\/ressources-pour-les-evenements\/","url":"https:\/\/www.ottawafoodbank.ca\/fr\/evenements-de-la-banque-alimentaire-dottawa\/ressources-pour-les-evenements\/","name":"Ressources pour les \u00e9v\u00e9nements - Ottawa Food Bank","isPartOf":{"@id":"https:\/\/www.ottawafoodbank.ca\/fr\/#website"},"datePublished":"2019-07-29T14:55:41+00:00","dateModified":"2025-10-24T19:56:00+00:00","breadcrumb":{"@id":"https:\/\/www.ottawafoodbank.ca\/fr\/evenements-de-la-banque-alimentaire-dottawa\/ressources-pour-les-evenements\/#breadcrumb"},"inLanguage":"fr-FR","potentialAction":[{"@type":"ReadAction","target":["https:\/\/www.ottawafoodbank.ca\/fr\/evenements-de-la-banque-alimentaire-dottawa\/ressources-pour-les-evenements\/"]}]},{"@type":"BreadcrumbList","@id":"https:\/\/www.ottawafoodbank.ca\/fr\/evenements-de-la-banque-alimentaire-dottawa\/ressources-pour-les-evenements\/#breadcrumb","itemListElement":[{"@type":"ListItem","position":1,"name":"Accueil","item":"https:\/\/www.ottawafoodbank.ca\/fr\/accueil\/"},{"@type":"ListItem","position":2,"name":"\u00c9v\u00e9nements","item":"https:\/\/www.ottawafoodbank.ca\/fr\/evenements-de-la-banque-alimentaire-dottawa\/"},{"@type":"ListItem","position":3,"name":"Ressources pour les \u00e9v\u00e9nements"}]},{"@type":"WebSite","@id":"https:\/\/www.ottawafoodbank.ca\/fr\/#website","url":"https:\/\/www.ottawafoodbank.ca\/fr\/","name":"Ottawa Food Bank","description":"People succeed when they aren&#039;t hungry. We make that happen.","publisher":{"@id":"https:\/\/www.ottawafoodbank.ca\/fr\/#organization"},"potentialAction":[{"@type":"SearchAction","target":{"@type":"EntryPoint","urlTemplate":"https:\/\/www.ottawafoodbank.ca\/fr\/?s={search_term_string}"},"query-input":{"@type":"PropertyValueSpecification","valueRequired":true,"valueName":"search_term_string"}}],"inLanguage":"fr-FR"},{"@type":"Organization","@id":"https:\/\/www.ottawafoodbank.ca\/fr\/#organization","name":"Ottawa Food Bank","url":"https:\/\/www.ottawafoodbank.ca\/fr\/","logo":{"@type":"ImageObject","inLanguage":"fr-FR","@id":"https:\/\/www.ottawafoodbank.ca\/fr\/#\/schema\/logo\/image\/","url":"https:\/\/www.ottawafoodbank.ca\/wp-content\/uploads\/2019\/07\/OFB-logo2011-R-BILING.jpg","contentUrl":"https:\/\/www.ottawafoodbank.ca\/wp-content\/uploads\/2019\/07\/OFB-logo2011-R-BILING.jpg","width":466,"height":259,"caption":"Ottawa Food Bank"},"image":{"@id":"https:\/\/www.ottawafoodbank.ca\/fr\/#\/schema\/logo\/image\/"},"sameAs":["http:\/\/www.facebook.com\/OttawaFoodBank","https:\/\/x.com\/OttawaFoodBank","https:\/\/instagram.com\/ottawafoodbank","http:\/\/www.youtube.com\/ottawafoodbank"]}]}},"_links":{"self":[{"href":"https:\/\/www.ottawafoodbank.ca\/fr\/wp-json\/wp\/v2\/pages\/23503","targetHints":{"allow":["GET"]}}],"collection":[{"href":"https:\/\/www.ottawafoodbank.ca\/fr\/wp-json\/wp\/v2\/pages"}],"about":[{"href":"https:\/\/www.ottawafoodbank.ca\/fr\/wp-json\/wp\/v2\/types\/page"}],"author":[{"embeddable":true,"href":"https:\/\/www.ottawafoodbank.ca\/fr\/wp-json\/wp\/v2\/users\/1"}],"replies":[{"embeddable":true,"href":"https:\/\/www.ottawafoodbank.ca\/fr\/wp-json\/wp\/v2\/comments?post=23503"}],"version-history":[{"count":17,"href":"https:\/\/www.ottawafoodbank.ca\/fr\/wp-json\/wp\/v2\/pages\/23503\/revisions"}],"predecessor-version":[{"id":57698,"href":"https:\/\/www.ottawafoodbank.ca\/fr\/wp-json\/wp\/v2\/pages\/23503\/revisions\/57698"}],"up":[{"embeddable":true,"href":"https:\/\/www.ottawafoodbank.ca\/fr\/wp-json\/wp\/v2\/pages\/25793"}],"wp:attachment":[{"href":"https:\/\/www.ottawafoodbank.ca\/fr\/wp-json\/wp\/v2\/media?parent=23503"}],"curies":[{"name":"wp","href":"https:\/\/api.w.org\/{rel}","templated":true}]}}