{"id":60187,"date":"2026-03-02T11:22:47","date_gmt":"2026-03-02T16:22:47","guid":{"rendered":"https:\/\/www.ottawafoodbank.ca\/?page_id=60187"},"modified":"2026-03-02T12:11:50","modified_gmt":"2026-03-02T17:11:50","slug":"plan-strategique-2025-2028","status":"publish","type":"page","link":"https:\/\/www.ottawafoodbank.ca\/fr\/plan-strategique-2025-2028\/","title":{"rendered":"Plan strat\u00e9gique 2025-2028"},"content":{"rendered":"\t\t<div data-elementor-type=\"wp-page\" data-elementor-id=\"60187\" class=\"elementor elementor-60187 elementor-60153\" data-elementor-post-type=\"page\">\n\t\t\t\t\t\t<section class=\"elementor-section elementor-top-section elementor-element elementor-element-cf3117e elementor-section-content-middle elementor-section-boxed elementor-section-height-default elementor-section-height-default\" data-id=\"cf3117e\" data-element_type=\"section\" data-e-type=\"section\" data-settings=\"{&quot;jet_parallax_layout_list&quot;:[]}\">\n\t\t\t\t\t\t<div class=\"elementor-container elementor-column-gap-default\">\n\t\t\t\t\t<div class=\"elementor-column elementor-col-100 elementor-top-column elementor-element elementor-element-0dbf067\" data-id=\"0dbf067\" data-element_type=\"column\" data-e-type=\"column\">\n\t\t\t<div class=\"elementor-widget-wrap elementor-element-populated\">\n\t\t\t\t\t\t<div class=\"elementor-element elementor-element-5a1d60d elementor-widget elementor-widget-heading\" data-id=\"5a1d60d\" data-element_type=\"widget\" data-e-type=\"widget\" data-widget_type=\"heading.default\">\n\t\t\t\t<div class=\"elementor-widget-container\">\n\t\t\t\t\t<h3 class=\"elementor-heading-title elementor-size-default\">Nous croyons qu\u2019une ville sans ins\u00e9curit\u00e9 alimentaire est possible. <\/h3>\t\t\t\t<\/div>\n\t\t\t\t<\/div>\n\t\t\t\t<section class=\"elementor-section elementor-inner-section elementor-element elementor-element-0e933b7 elementor-section-boxed elementor-section-height-default elementor-section-height-default\" data-id=\"0e933b7\" data-element_type=\"section\" data-e-type=\"section\" data-settings=\"{&quot;jet_parallax_layout_list&quot;:[]}\">\n\t\t\t\t\t\t<div class=\"elementor-container elementor-column-gap-default\">\n\t\t\t\t\t<div class=\"elementor-column elementor-col-100 elementor-inner-column elementor-element elementor-element-8902483\" data-id=\"8902483\" data-element_type=\"column\" data-e-type=\"column\">\n\t\t\t<div class=\"elementor-widget-wrap elementor-element-populated\">\n\t\t\t\t\t\t<div class=\"elementor-element elementor-element-0dad917 elementor-widget elementor-widget-text-editor\" data-id=\"0dad917\" data-element_type=\"widget\" data-e-type=\"widget\" data-widget_type=\"text-editor.default\">\n\t\t\t\t<div class=\"elementor-widget-container\">\n\t\t\t\t\t\t\t\t\t<p><span data-contrast=\"auto\">Notre objectif phare est que d\u2019ici 2050, personne \u00e0 Ottawa ne conna\u00eetra l\u2019ins\u00e9curit\u00e9 alimentaire. Il guide notre fa\u00e7on de r\u00e9pondre aux besoins urgents d\u2019aujourd\u2019hui tout en travaillant \u00e0 r\u00e9duire le recours aux banques alimentaires pour l\u2019avenir.<\/span><span data-ccp-props=\"{}\">\u00a0<\/span><\/p>\t\t\t\t\t\t\t\t<\/div>\n\t\t\t\t<\/div>\n\t\t\t\t\t<\/div>\n\t\t<\/div>\n\t\t\t\t\t<\/div>\n\t\t<\/section>\n\t\t\t\t<section class=\"elementor-section elementor-inner-section elementor-element elementor-element-b8ab37b elementor-section-content-middle elementor-section-boxed elementor-section-height-default elementor-section-height-default\" data-id=\"b8ab37b\" data-element_type=\"section\" data-e-type=\"section\" data-settings=\"{&quot;jet_parallax_layout_list&quot;:[]}\">\n\t\t\t\t\t\t<div class=\"elementor-container elementor-column-gap-default\">\n\t\t\t\t\t<div class=\"elementor-column elementor-col-50 elementor-inner-column elementor-element elementor-element-59eac10\" data-id=\"59eac10\" data-element_type=\"column\" data-e-type=\"column\">\n\t\t\t<div class=\"elementor-widget-wrap elementor-element-populated\">\n\t\t\t\t\t\t<div class=\"elementor-element elementor-element-511dad0 elementor-widget elementor-widget-image\" data-id=\"511dad0\" data-element_type=\"widget\" data-e-type=\"widget\" data-widget_type=\"image.default\">\n\t\t\t\t<div class=\"elementor-widget-container\">\n\t\t\t\t\t\t\t\t\t\t\t\t\t\t\t\t<a href=\"https:\/\/www.ottawafoodbank.ca\/wp-content\/uploads\/2026\/02\/FR-Digital-Strategic-Plan-25-28.pdf\">\n\t\t\t\t\t\t\t<img fetchpriority=\"high\" decoding=\"async\" width=\"768\" height=\"994\" src=\"https:\/\/www.ottawafoodbank.ca\/wp-content\/uploads\/2026\/03\/FR-Strategic-Plan-2025-2028-768x994.png\" class=\"attachment-medium_large size-medium_large wp-image-60394\" alt=\"\" srcset=\"https:\/\/www.ottawafoodbank.ca\/wp-content\/uploads\/2026\/03\/FR-Strategic-Plan-2025-2028-768x994.png 768w, https:\/\/www.ottawafoodbank.ca\/wp-content\/uploads\/2026\/03\/FR-Strategic-Plan-2025-2028-232x300.png 232w, https:\/\/www.ottawafoodbank.ca\/wp-content\/uploads\/2026\/03\/FR-Strategic-Plan-2025-2028-791x1024.png 791w, https:\/\/www.ottawafoodbank.ca\/wp-content\/uploads\/2026\/03\/FR-Strategic-Plan-2025-2028-1187x1536.png 1187w, https:\/\/www.ottawafoodbank.ca\/wp-content\/uploads\/2026\/03\/FR-Strategic-Plan-2025-2028.png 1545w\" sizes=\"(max-width: 768px) 100vw, 768px\" \/>\t\t\t\t\t\t\t\t<\/a>\n\t\t\t\t\t\t\t\t\t\t\t\t\t\t\t<\/div>\n\t\t\t\t<\/div>\n\t\t\t\t\t<\/div>\n\t\t<\/div>\n\t\t\t\t<div class=\"elementor-column elementor-col-50 elementor-inner-column elementor-element elementor-element-cc4e191\" data-id=\"cc4e191\" data-element_type=\"column\" data-e-type=\"column\">\n\t\t\t<div class=\"elementor-widget-wrap elementor-element-populated\">\n\t\t\t\t\t\t<div class=\"elementor-element elementor-element-46bad97 elementor-widget elementor-widget-text-editor\" data-id=\"46bad97\" data-element_type=\"widget\" data-e-type=\"widget\" data-widget_type=\"text-editor.default\">\n\t\t\t\t<div class=\"elementor-widget-container\">\n\t\t\t\t\t\t\t\t\t<p><span data-contrast=\"auto\">Le <a href=\"https:\/\/www.ottawafoodbank.ca\/wp-content\/uploads\/2026\/02\/FR-Digital-Strategic-Plan-25-28.pdf\">Plan strat\u00e9gique 2025-2028<\/a> d\u00e9crit comment nous travaillerons avec notre r\u00e9seau d\u2019organismes membres et nos partenaires communautaires au cours des trois prochaines ann\u00e9es pour nous rapprocher de cet objectif.<\/span><span data-ccp-props=\"{}\">\u00a0<\/span><\/p><p><span data-contrast=\"auto\">\u00c9labor\u00e9 en collaboration, fond\u00e9 sur des donn\u00e9es et \u00e9clair\u00e9 par l\u2019exp\u00e9rience v\u00e9cue, le plan s\u2019articule autour de trois priorit\u00e9s :<\/span><span data-ccp-props=\"{}\">\u00a0<\/span><\/p><ol><li aria-setsize=\"-1\" data-leveltext=\"%1.\" data-font=\"\" data-listid=\"4\" data-list-defn-props=\"{&quot;335552541&quot;:0,&quot;335559685&quot;:720,&quot;335559991&quot;:360,&quot;469769242&quot;:[65533,0],&quot;469777803&quot;:&quot;left&quot;,&quot;469777804&quot;:&quot;%1.&quot;,&quot;469777815&quot;:&quot;hybridMultilevel&quot;}\" data-aria-posinset=\"1\" data-aria-level=\"1\"><span data-contrast=\"auto\">Repenser\u00a0le\u00a0mod\u00e8le\u00a0de\u00a0banques\u00a0alimentaires\u00a0\u00e0 Ottawa<\/span><span data-ccp-props=\"{}\">\u00a0<\/span><\/li><li aria-setsize=\"-1\" data-leveltext=\"%1.\" data-font=\"\" data-listid=\"4\" data-list-defn-props=\"{&quot;335552541&quot;:0,&quot;335559685&quot;:720,&quot;335559991&quot;:360,&quot;469769242&quot;:[65533,0],&quot;469777803&quot;:&quot;left&quot;,&quot;469777804&quot;:&quot;%1.&quot;,&quot;469777815&quot;:&quot;hybridMultilevel&quot;}\" data-aria-posinset=\"1\" data-aria-level=\"1\"><span data-contrast=\"auto\">Renforcer\u00a0notre\u00a0r\u00e9seau\u00a0d\u2019organismes\u00a0membres<\/span><span data-ccp-props=\"{}\">\u00a0<\/span><\/li><li aria-setsize=\"-1\" data-leveltext=\"%1.\" data-font=\"\" data-listid=\"4\" data-list-defn-props=\"{&quot;335552541&quot;:0,&quot;335559685&quot;:720,&quot;335559991&quot;:360,&quot;469769242&quot;:[65533,0],&quot;469777803&quot;:&quot;left&quot;,&quot;469777804&quot;:&quot;%1.&quot;,&quot;469777815&quot;:&quot;hybridMultilevel&quot;}\" data-aria-posinset=\"1\" data-aria-level=\"1\"><span data-contrast=\"auto\">R\u00e9duire l\u2019ins\u00e9curit\u00e9 alimentaire des personnes qui ont recours aux programmes alimentaires<\/span><span data-ccp-props=\"{}\">\u00a0<\/span><\/li><\/ol><p><span data-ccp-props=\"{}\">\u00a0<\/span><span data-contrast=\"auto\">Nous vous\u00a0invitons\u00a0\u00e0\u00a0d\u00e9couvrir\u00a0le plan et \u00e0 voir comment\u00a0ce\u00a0travail\u00a0progresse.<\/span><span data-ccp-props=\"{}\">\u00a0<\/span><\/p><h4 style=\"text-align: center;\"><span style=\"text-align: center; color: #00acee;\"><strong><span data-contrast=\"auto\">Nous vous invitons \u00e0 d\u00e9couvrir le <\/span><\/strong><\/span><span style=\"text-align: center; color: #00acee;\"><strong><span data-contrast=\"auto\">plan et \u00e0 voir comment ce travail progresse.<\/span><span data-ccp-props=\"{}\">\u00a0<\/span><\/strong><\/span><\/h4>\t\t\t\t\t\t\t\t<\/div>\n\t\t\t\t<\/div>\n\t\t\t\t<div class=\"elementor-element elementor-element-85dc879 elementor-align-center elementor-widget elementor-widget-button\" data-id=\"85dc879\" data-element_type=\"widget\" data-e-type=\"widget\" data-widget_type=\"button.default\">\n\t\t\t\t<div class=\"elementor-widget-container\">\n\t\t\t\t\t\t\t\t\t<div class=\"elementor-button-wrapper\">\n\t\t\t\t\t<a class=\"elementor-button elementor-button-link elementor-size-sm\" href=\"https:\/\/www.ottawafoodbank.ca\/wp-content\/uploads\/2026\/02\/FR-Digital-Strategic-Plan-25-28.pdf\">\n\t\t\t\t\t\t<span class=\"elementor-button-content-wrapper\">\n\t\t\t\t\t\t\t\t\t<span class=\"elementor-button-text\">Lire le Plan strat\u00e9gique 2025-2028 <\/span>\n\t\t\t\t\t<\/span>\n\t\t\t\t\t<\/a>\n\t\t\t\t<\/div>\n\t\t\t\t\t\t\t\t<\/div>\n\t\t\t\t<\/div>\n\t\t\t\t\t<\/div>\n\t\t<\/div>\n\t\t\t\t\t<\/div>\n\t\t<\/section>\n\t\t\t\t\t<\/div>\n\t\t<\/div>\n\t\t\t\t\t<\/div>\n\t\t<\/section>\n\t\t\t\t<\/div>\n\t\t","protected":false},"excerpt":{"rendered":"<p>Nous croyons qu\u2019une ville sans ins\u00e9curit\u00e9 alimentaire est possible. Notre objectif phare est que d\u2019ici 2050, personne \u00e0 Ottawa ne conna\u00eetra l\u2019ins\u00e9curit\u00e9 alimentaire. Il guide notre fa\u00e7on de r\u00e9pondre aux [&hellip;]<\/p>\n","protected":false},"author":19,"featured_media":0,"parent":0,"menu_order":0,"comment_status":"closed","ping_status":"closed","template":"","meta":{"_acf_changed":false,"inline_featured_image":false,"footnotes":""},"class_list":["post-60187","page","type-page","status-publish","hentry"],"acf":[],"yoast_head":"<!-- This site is optimized with the Yoast SEO plugin v27.4 - https:\/\/yoast.com\/product\/yoast-seo-wordpress\/ -->\n<title>Plan strat\u00e9gique 2025-2028 - Ottawa Food Bank<\/title>\n<meta name=\"description\" content=\"D\u00e9couvrez comment le Plan strat\u00e9gique 2025 \u00e0 2028 de la Banque alimentaire d\u2019Ottawa vise \u00e0 r\u00e9duire l\u2019ins\u00e9curit\u00e9 alimentaire et \u00e0 renforcer le soutien communautaire.\" \/>\n<meta name=\"robots\" content=\"index, follow, max-snippet:-1, max-image-preview:large, max-video-preview:-1\" \/>\n<link rel=\"canonical\" href=\"https:\/\/www.ottawafoodbank.ca\/fr\/plan-strategique-2025-2028\/\" \/>\n<meta property=\"og:locale\" content=\"fr_FR\" \/>\n<meta property=\"og:type\" content=\"article\" \/>\n<meta property=\"og:title\" content=\"Plan strat\u00e9gique 2025-2028 - Ottawa Food Bank\" \/>\n<meta property=\"og:description\" content=\"D\u00e9couvrez comment le Plan strat\u00e9gique 2025 \u00e0 2028 de la Banque alimentaire d\u2019Ottawa vise \u00e0 r\u00e9duire l\u2019ins\u00e9curit\u00e9 alimentaire et \u00e0 renforcer le soutien communautaire.\" \/>\n<meta property=\"og:url\" content=\"https:\/\/www.ottawafoodbank.ca\/fr\/plan-strategique-2025-2028\/\" \/>\n<meta property=\"og:site_name\" content=\"Ottawa Food Bank\" \/>\n<meta property=\"article:publisher\" content=\"http:\/\/www.facebook.com\/OttawaFoodBank\" \/>\n<meta property=\"article:modified_time\" content=\"2026-03-02T17:11:50+00:00\" \/>\n<meta property=\"og:image\" content=\"https:\/\/www.ottawafoodbank.ca\/wp-content\/uploads\/2026\/03\/FR-Strategic-Plan-2025-2028.png\" \/>\n\t<meta property=\"og:image:width\" content=\"1545\" \/>\n\t<meta property=\"og:image:height\" content=\"2000\" \/>\n\t<meta property=\"og:image:type\" content=\"image\/png\" \/>\n<meta name=\"twitter:card\" content=\"summary_large_image\" \/>\n<meta name=\"twitter:site\" content=\"@OttawaFoodBank\" \/>\n<meta name=\"twitter:label1\" content=\"Dur\u00e9e de lecture estim\u00e9e\" \/>\n\t<meta name=\"twitter:data1\" content=\"1 minute\" \/>\n<script type=\"application\/ld+json\" class=\"yoast-schema-graph\">{\"@context\":\"https:\\\/\\\/schema.org\",\"@graph\":[{\"@type\":\"WebPage\",\"@id\":\"https:\\\/\\\/www.ottawafoodbank.ca\\\/fr\\\/plan-strategique-2025-2028\\\/\",\"url\":\"https:\\\/\\\/www.ottawafoodbank.ca\\\/fr\\\/plan-strategique-2025-2028\\\/\",\"name\":\"Plan strat\u00e9gique 2025-2028 - Ottawa Food Bank\",\"isPartOf\":{\"@id\":\"https:\\\/\\\/www.ottawafoodbank.ca\\\/fr\\\/#website\"},\"primaryImageOfPage\":{\"@id\":\"https:\\\/\\\/www.ottawafoodbank.ca\\\/fr\\\/plan-strategique-2025-2028\\\/#primaryimage\"},\"image\":{\"@id\":\"https:\\\/\\\/www.ottawafoodbank.ca\\\/fr\\\/plan-strategique-2025-2028\\\/#primaryimage\"},\"thumbnailUrl\":\"https:\\\/\\\/www.ottawafoodbank.ca\\\/wp-content\\\/uploads\\\/2026\\\/03\\\/FR-Strategic-Plan-2025-2028-768x994.png\",\"datePublished\":\"2026-03-02T16:22:47+00:00\",\"dateModified\":\"2026-03-02T17:11:50+00:00\",\"description\":\"D\u00e9couvrez comment le Plan strat\u00e9gique 2025 \u00e0 2028 de la Banque alimentaire d\u2019Ottawa vise \u00e0 r\u00e9duire l\u2019ins\u00e9curit\u00e9 alimentaire et \u00e0 renforcer le soutien communautaire.\",\"breadcrumb\":{\"@id\":\"https:\\\/\\\/www.ottawafoodbank.ca\\\/fr\\\/plan-strategique-2025-2028\\\/#breadcrumb\"},\"inLanguage\":\"fr-FR\",\"potentialAction\":[{\"@type\":\"ReadAction\",\"target\":[\"https:\\\/\\\/www.ottawafoodbank.ca\\\/fr\\\/plan-strategique-2025-2028\\\/\"]}]},{\"@type\":\"ImageObject\",\"inLanguage\":\"fr-FR\",\"@id\":\"https:\\\/\\\/www.ottawafoodbank.ca\\\/fr\\\/plan-strategique-2025-2028\\\/#primaryimage\",\"url\":\"https:\\\/\\\/www.ottawafoodbank.ca\\\/wp-content\\\/uploads\\\/2026\\\/03\\\/FR-Strategic-Plan-2025-2028-768x994.png\",\"contentUrl\":\"https:\\\/\\\/www.ottawafoodbank.ca\\\/wp-content\\\/uploads\\\/2026\\\/03\\\/FR-Strategic-Plan-2025-2028-768x994.png\"},{\"@type\":\"BreadcrumbList\",\"@id\":\"https:\\\/\\\/www.ottawafoodbank.ca\\\/fr\\\/plan-strategique-2025-2028\\\/#breadcrumb\",\"itemListElement\":[{\"@type\":\"ListItem\",\"position\":1,\"name\":\"Accueil\",\"item\":\"https:\\\/\\\/www.ottawafoodbank.ca\\\/fr\\\/accueil\\\/\"},{\"@type\":\"ListItem\",\"position\":2,\"name\":\"Plan strat\u00e9gique 2025-2028\"}]},{\"@type\":\"WebSite\",\"@id\":\"https:\\\/\\\/www.ottawafoodbank.ca\\\/fr\\\/#website\",\"url\":\"https:\\\/\\\/www.ottawafoodbank.ca\\\/fr\\\/\",\"name\":\"Ottawa Food Bank\",\"description\":\"People succeed when they aren&#039;t hungry. We make that happen.\",\"publisher\":{\"@id\":\"https:\\\/\\\/www.ottawafoodbank.ca\\\/fr\\\/#organization\"},\"potentialAction\":[{\"@type\":\"SearchAction\",\"target\":{\"@type\":\"EntryPoint\",\"urlTemplate\":\"https:\\\/\\\/www.ottawafoodbank.ca\\\/fr\\\/?s={search_term_string}\"},\"query-input\":{\"@type\":\"PropertyValueSpecification\",\"valueRequired\":true,\"valueName\":\"search_term_string\"}}],\"inLanguage\":\"fr-FR\"},{\"@type\":\"Organization\",\"@id\":\"https:\\\/\\\/www.ottawafoodbank.ca\\\/fr\\\/#organization\",\"name\":\"Ottawa Food Bank\",\"url\":\"https:\\\/\\\/www.ottawafoodbank.ca\\\/fr\\\/\",\"logo\":{\"@type\":\"ImageObject\",\"inLanguage\":\"fr-FR\",\"@id\":\"https:\\\/\\\/www.ottawafoodbank.ca\\\/fr\\\/#\\\/schema\\\/logo\\\/image\\\/\",\"url\":\"https:\\\/\\\/www.ottawafoodbank.ca\\\/wp-content\\\/uploads\\\/2019\\\/07\\\/OFB-logo2011-R-BILING.jpg\",\"contentUrl\":\"https:\\\/\\\/www.ottawafoodbank.ca\\\/wp-content\\\/uploads\\\/2019\\\/07\\\/OFB-logo2011-R-BILING.jpg\",\"width\":466,\"height\":259,\"caption\":\"Ottawa Food Bank\"},\"image\":{\"@id\":\"https:\\\/\\\/www.ottawafoodbank.ca\\\/fr\\\/#\\\/schema\\\/logo\\\/image\\\/\"},\"sameAs\":[\"http:\\\/\\\/www.facebook.com\\\/OttawaFoodBank\",\"https:\\\/\\\/x.com\\\/OttawaFoodBank\",\"https:\\\/\\\/instagram.com\\\/ottawafoodbank\",\"http:\\\/\\\/www.youtube.com\\\/ottawafoodbank\"]}]}<\/script>\n<!-- \/ Yoast SEO plugin. -->","yoast_head_json":{"title":"Plan strat\u00e9gique 2025-2028 - Ottawa Food Bank","description":"D\u00e9couvrez comment le Plan strat\u00e9gique 2025 \u00e0 2028 de la Banque alimentaire d\u2019Ottawa vise \u00e0 r\u00e9duire l\u2019ins\u00e9curit\u00e9 alimentaire et \u00e0 renforcer le soutien communautaire.","robots":{"index":"index","follow":"follow","max-snippet":"max-snippet:-1","max-image-preview":"max-image-preview:large","max-video-preview":"max-video-preview:-1"},"canonical":"https:\/\/www.ottawafoodbank.ca\/fr\/plan-strategique-2025-2028\/","og_locale":"fr_FR","og_type":"article","og_title":"Plan strat\u00e9gique 2025-2028 - Ottawa Food Bank","og_description":"D\u00e9couvrez comment le Plan strat\u00e9gique 2025 \u00e0 2028 de la Banque alimentaire d\u2019Ottawa vise \u00e0 r\u00e9duire l\u2019ins\u00e9curit\u00e9 alimentaire et \u00e0 renforcer le soutien communautaire.","og_url":"https:\/\/www.ottawafoodbank.ca\/fr\/plan-strategique-2025-2028\/","og_site_name":"Ottawa Food Bank","article_publisher":"http:\/\/www.facebook.com\/OttawaFoodBank","article_modified_time":"2026-03-02T17:11:50+00:00","og_image":[{"width":1545,"height":2000,"url":"https:\/\/www.ottawafoodbank.ca\/wp-content\/uploads\/2026\/03\/FR-Strategic-Plan-2025-2028.png","type":"image\/png"}],"twitter_card":"summary_large_image","twitter_site":"@OttawaFoodBank","twitter_misc":{"Dur\u00e9e de lecture estim\u00e9e":"1 minute"},"schema":{"@context":"https:\/\/schema.org","@graph":[{"@type":"WebPage","@id":"https:\/\/www.ottawafoodbank.ca\/fr\/plan-strategique-2025-2028\/","url":"https:\/\/www.ottawafoodbank.ca\/fr\/plan-strategique-2025-2028\/","name":"Plan strat\u00e9gique 2025-2028 - Ottawa Food Bank","isPartOf":{"@id":"https:\/\/www.ottawafoodbank.ca\/fr\/#website"},"primaryImageOfPage":{"@id":"https:\/\/www.ottawafoodbank.ca\/fr\/plan-strategique-2025-2028\/#primaryimage"},"image":{"@id":"https:\/\/www.ottawafoodbank.ca\/fr\/plan-strategique-2025-2028\/#primaryimage"},"thumbnailUrl":"https:\/\/www.ottawafoodbank.ca\/wp-content\/uploads\/2026\/03\/FR-Strategic-Plan-2025-2028-768x994.png","datePublished":"2026-03-02T16:22:47+00:00","dateModified":"2026-03-02T17:11:50+00:00","description":"D\u00e9couvrez comment le Plan strat\u00e9gique 2025 \u00e0 2028 de la Banque alimentaire d\u2019Ottawa vise \u00e0 r\u00e9duire l\u2019ins\u00e9curit\u00e9 alimentaire et \u00e0 renforcer le soutien communautaire.","breadcrumb":{"@id":"https:\/\/www.ottawafoodbank.ca\/fr\/plan-strategique-2025-2028\/#breadcrumb"},"inLanguage":"fr-FR","potentialAction":[{"@type":"ReadAction","target":["https:\/\/www.ottawafoodbank.ca\/fr\/plan-strategique-2025-2028\/"]}]},{"@type":"ImageObject","inLanguage":"fr-FR","@id":"https:\/\/www.ottawafoodbank.ca\/fr\/plan-strategique-2025-2028\/#primaryimage","url":"https:\/\/www.ottawafoodbank.ca\/wp-content\/uploads\/2026\/03\/FR-Strategic-Plan-2025-2028-768x994.png","contentUrl":"https:\/\/www.ottawafoodbank.ca\/wp-content\/uploads\/2026\/03\/FR-Strategic-Plan-2025-2028-768x994.png"},{"@type":"BreadcrumbList","@id":"https:\/\/www.ottawafoodbank.ca\/fr\/plan-strategique-2025-2028\/#breadcrumb","itemListElement":[{"@type":"ListItem","position":1,"name":"Accueil","item":"https:\/\/www.ottawafoodbank.ca\/fr\/accueil\/"},{"@type":"ListItem","position":2,"name":"Plan strat\u00e9gique 2025-2028"}]},{"@type":"WebSite","@id":"https:\/\/www.ottawafoodbank.ca\/fr\/#website","url":"https:\/\/www.ottawafoodbank.ca\/fr\/","name":"Ottawa Food Bank","description":"People succeed when they aren&#039;t hungry. We make that happen.","publisher":{"@id":"https:\/\/www.ottawafoodbank.ca\/fr\/#organization"},"potentialAction":[{"@type":"SearchAction","target":{"@type":"EntryPoint","urlTemplate":"https:\/\/www.ottawafoodbank.ca\/fr\/?s={search_term_string}"},"query-input":{"@type":"PropertyValueSpecification","valueRequired":true,"valueName":"search_term_string"}}],"inLanguage":"fr-FR"},{"@type":"Organization","@id":"https:\/\/www.ottawafoodbank.ca\/fr\/#organization","name":"Ottawa Food Bank","url":"https:\/\/www.ottawafoodbank.ca\/fr\/","logo":{"@type":"ImageObject","inLanguage":"fr-FR","@id":"https:\/\/www.ottawafoodbank.ca\/fr\/#\/schema\/logo\/image\/","url":"https:\/\/www.ottawafoodbank.ca\/wp-content\/uploads\/2019\/07\/OFB-logo2011-R-BILING.jpg","contentUrl":"https:\/\/www.ottawafoodbank.ca\/wp-content\/uploads\/2019\/07\/OFB-logo2011-R-BILING.jpg","width":466,"height":259,"caption":"Ottawa Food Bank"},"image":{"@id":"https:\/\/www.ottawafoodbank.ca\/fr\/#\/schema\/logo\/image\/"},"sameAs":["http:\/\/www.facebook.com\/OttawaFoodBank","https:\/\/x.com\/OttawaFoodBank","https:\/\/instagram.com\/ottawafoodbank","http:\/\/www.youtube.com\/ottawafoodbank"]}]}},"_links":{"self":[{"href":"https:\/\/www.ottawafoodbank.ca\/fr\/wp-json\/wp\/v2\/pages\/60187","targetHints":{"allow":["GET"]}}],"collection":[{"href":"https:\/\/www.ottawafoodbank.ca\/fr\/wp-json\/wp\/v2\/pages"}],"about":[{"href":"https:\/\/www.ottawafoodbank.ca\/fr\/wp-json\/wp\/v2\/types\/page"}],"author":[{"embeddable":true,"href":"https:\/\/www.ottawafoodbank.ca\/fr\/wp-json\/wp\/v2\/users\/19"}],"replies":[{"embeddable":true,"href":"https:\/\/www.ottawafoodbank.ca\/fr\/wp-json\/wp\/v2\/comments?post=60187"}],"version-history":[{"count":22,"href":"https:\/\/www.ottawafoodbank.ca\/fr\/wp-json\/wp\/v2\/pages\/60187\/revisions"}],"predecessor-version":[{"id":60402,"href":"https:\/\/www.ottawafoodbank.ca\/fr\/wp-json\/wp\/v2\/pages\/60187\/revisions\/60402"}],"wp:attachment":[{"href":"https:\/\/www.ottawafoodbank.ca\/fr\/wp-json\/wp\/v2\/media?parent=60187"}],"curies":[{"name":"wp","href":"https:\/\/api.w.org\/{rel}","templated":true}]}}